{"id":4062,"date":"2021-07-30T15:09:10","date_gmt":"2021-07-30T15:09:10","guid":{"rendered":"https:\/\/disrupttglobal.com\/?page_id=4062"},"modified":"2021-08-19T16:13:45","modified_gmt":"2021-08-19T16:13:45","slug":"control-presupuestal","status":"publish","type":"page","link":"https:\/\/disrupttglobal.com\/index.php\/control-presupuestal\/","title":{"rendered":"Control presupuestal"},"content":{"rendered":"<p>[et_pb_section fb_built=&#8221;1&#8243; custom_padding_last_edited=&#8221;on|phone&#8221; admin_label=&#8221;Header&#8221; module_id=&#8221;PRESUPUESTAL&#8221; _builder_version=&#8221;4.9.10&#8243; _module_preset=&#8221;default&#8221; use_background_color_gradient=&#8221;on&#8221; background_color_gradient_start=&#8221;#f6921e&#8221; background_color_gradient_end=&#8221;#ffffff&#8221; background_color_gradient_direction=&#8221;90deg&#8221; background_color_gradient_start_position=&#8221;21%&#8221; background_color_gradient_end_position=&#8221;0%&#8221; overflow-x=&#8221;hidden&#8221; overflow-y=&#8221;hidden&#8221; custom_padding=&#8221;||0px|||&#8221; custom_padding_tablet=&#8221;&#8221; custom_padding_phone=&#8221;||0px||false|false&#8221; background_last_edited=&#8221;on|phone&#8221; use_background_color_gradient_phone=&#8221;on&#8221; background_color_gradient_start_phone=&#8221;#ffffff&#8221; locked=&#8221;off&#8221;][et_pb_row column_structure=&#8221;2_5,3_5&#8243; make_equal=&#8221;on&#8221; _builder_version=&#8221;4.9.10&#8243; _module_preset=&#8221;default&#8221; custom_padding=&#8221;||0px|||&#8221;][et_pb_column type=&#8221;2_5&#8243; _builder_version=&#8221;4.9.10&#8243; _module_preset=&#8221;default&#8221; background_color=&#8221;RGBA(0,0,0,0)&#8221; custom_padding_tablet=&#8221;200px||||false|false&#8221; custom_padding_phone=&#8221;200px||||false|false&#8221; custom_padding_last_edited=&#8221;off|tablet&#8221;][et_pb_image src=&#8221;https:\/\/disrupttglobal.com\/wp-content\/uploads\/2021\/07\/control_presupuestal_disruptt2-24.jpg&#8221; title_text=&#8221;control_presupuestal_disruptt2-24&#8243; _builder_version=&#8221;4.9.10&#8243; _module_preset=&#8221;default&#8221; background_enable_color=&#8221;off&#8221; custom_margin=&#8221;|||-18vw|false|false&#8221; custom_padding=&#8221;||||false|false&#8221; box_shadow_style=&#8221;preset3&#8243; box_shadow_horizontal=&#8221;33px&#8221; box_shadow_vertical=&#8221;21px&#8221;][\/et_pb_image][\/et_pb_column][et_pb_column type=&#8221;3_5&#8243; _builder_version=&#8221;4.8.1&#8243; _module_preset=&#8221;default&#8221; custom_padding_tablet=&#8221;80px|50px|80px|50px|true|true&#8221; custom_padding_phone=&#8221;60px|20px||20px|false|true&#8221; custom_padding_last_edited=&#8221;off|tablet&#8221;][et_pb_image title_text=&#8221;brokerage-firm-16&#8243; admin_label=&#8221;Image&#8221; _builder_version=&#8221;4.9.10&#8243; _module_preset=&#8221;default&#8221; positioning=&#8221;absolute&#8221; position_origin_a=&#8221;bottom_right&#8221; vertical_offset_tablet=&#8221;-70px&#8221; vertical_offset_phone=&#8221;&#8221; vertical_offset_last_edited=&#8221;on|phone&#8221; width=&#8221;100%&#8221; max_width=&#8221;150px&#8221; max_width_tablet=&#8221;50px&#8221; max_width_phone=&#8221;30px&#8221; max_width_last_edited=&#8221;on|phone&#8221; scroll_vertical_motion=&#8221;0|50|50|100|1|0|-1&#8243;][\/et_pb_image][et_pb_text _builder_version=&#8221;4.9.10&#8243; text_line_height=&#8221;1.2em&#8221; header_font=&#8221;||||||||&#8221; header_2_font=&#8221;Montserrat|800||on|||||&#8221; header_2_text_color=&#8221;#606060&#8243; header_2_font_size=&#8221;48px&#8221; header_2_line_height=&#8221;0.9em&#8221; text_orientation=&#8221;right&#8221; module_alignment=&#8221;right&#8221; custom_margin=&#8221;||8px|||&#8221; header_2_font_size_tablet=&#8221;40px&#8221; header_2_font_size_phone=&#8221;25px&#8221; header_2_font_size_last_edited=&#8221;on|desktop&#8221; locked=&#8221;off&#8221;]<\/p>\n<h2>CONTROL PRESUPUESTAL<\/h2>\n<p>[\/et_pb_text][et_pb_text _builder_version=&#8221;4.9.10&#8243; _module_preset=&#8221;default&#8221; text_font=&#8221;Lato|700|||||||&#8221; text_font_size=&#8221;17px&#8221; text_orientation=&#8221;right&#8221; width=&#8221;100%&#8221; module_alignment=&#8221;center&#8221; custom_margin=&#8221;0px||18px||false|false&#8221; custom_padding=&#8221;0px||||false|false&#8221; locked=&#8221;off&#8221;]<\/p>\n<p>Controla, supervisa y proyecta tus presupuestos de la manera mas acertada.<\/p>\n<p>[\/et_pb_text][et_pb_text _builder_version=&#8221;4.9.10&#8243; _module_preset=&#8221;default&#8221; text_font=&#8221;Lato||||||||&#8221; text_font_size=&#8221;15px&#8221; text_line_height=&#8221;1.6em&#8221; text_orientation=&#8221;right&#8221; custom_margin=&#8221;||-4px|||&#8221; text_font_size_tablet=&#8221;&#8221; text_font_size_phone=&#8221;12px&#8221; text_font_size_last_edited=&#8221;on|phone&#8221; locked=&#8221;off&#8221;]La soluci\u00f3n de control presupuestal proporciona un ambiente el control de los presupuestos de manera jerarquizada, que permite la supervisi\u00f3n a nivel ejecuci\u00f3n del presupuesto y el control de cualquier desviaci\u00f3n, con la posibilidad de realizar ajustes al presupuesto. Algunos de los principales objetivos de la soluci\u00f3n de control presupuestal es saber interpretar los resultados, tener la capacidad de realizar proyecciones acertadas y justificadas, delegar responsabilidades y establecer las acciones necesarias para conseguir los objetivos.<\/p>\n<p style=\"text-align: right;\">Algunas de las Caracteristicas de Control Presupuestal:<\/p>\n<ul style=\"list-style: inside;\">\n<li style=\"text-align: right;\">Posibilidad de realizar distintas agrupaciones presupuestarias ( por l\u00edneas de negocio, grupos o departamentos).<\/li>\n<li style=\"text-align: right;\">Manejo de restricciones de acuerdo con la pol\u00edtica de la empresa.<\/li>\n<li style=\"text-align: right;\">Manejo de jerarqu\u00edas.<\/li>\n<li style=\"text-align: right;\">Flujos de escalaci\u00f3n.<\/li>\n<li style=\"text-align: right;\">Alertas proactivas.<\/li>\n<\/ul>\n<p>[\/et_pb_text][et_pb_button button_url=&#8221;https:\/\/disrupttglobal.com\/index.php\/contacto\/&#8221; button_text=&#8221;CONTACTAR&#8221; button_alignment=&#8221;right&#8221; button_alignment_tablet=&#8221;&#8221; button_alignment_phone=&#8221;&#8221; button_alignment_last_edited=&#8221;on|desktop&#8221; _builder_version=&#8221;4.9.10&#8243; custom_button=&#8221;on&#8221; button_text_size=&#8221;11px&#8221; button_text_color=&#8221;#FFFFFF&#8221; button_bg_color=&#8221;#f6921e&#8221; button_border_width=&#8221;0px&#8221; button_border_radius=&#8221;0px&#8221; button_letter_spacing=&#8221;2px&#8221; button_font=&#8221;Montserrat||||||||&#8221; button_use_icon=&#8221;off&#8221; background_layout=&#8221;dark&#8221; custom_margin=&#8221;|||1%|false|false&#8221; custom_margin_tablet=&#8221;&#8221; custom_margin_phone=&#8221;6%||5%|1%|false|false&#8221; custom_margin_last_edited=&#8221;on|phone&#8221; custom_padding=&#8221;16px|38px|16px|38px|true|true&#8221; locked=&#8221;off&#8221; button_bg_color__hover=&#8221;rgba(255,255,255,0.1)&#8221; button_border_color__hover=&#8221;rgba(0,0,0,0)&#8221; button_text_color__hover_enabled=&#8221;on&#8221; button_text_color__hover=&#8221;#000000&#8243;][\/et_pb_button][\/et_pb_column][\/et_pb_row][\/et_pb_section][et_pb_section fb_built=&#8221;1&#8243; custom_padding_last_edited=&#8221;on|phone&#8221; _builder_version=&#8221;4.9.10&#8243; _module_preset=&#8221;default&#8221; custom_padding=&#8221;26px||14px|||&#8221; custom_padding_tablet=&#8221;&#8221; custom_padding_phone=&#8221;26px||0px||false|false&#8221; locked=&#8221;off&#8221;][et_pb_row custom_padding_last_edited=&#8221;on|phone&#8221; _builder_version=&#8221;4.9.10&#8243; _module_preset=&#8221;default&#8221; custom_padding_tablet=&#8221;&#8221; custom_padding_phone=&#8221;0px||0px||false|false&#8221;][et_pb_column type=&#8221;4_4&#8243; _builder_version=&#8221;4.9.10&#8243; _module_preset=&#8221;default&#8221;][et_pb_text _builder_version=&#8221;4.9.10&#8243; _module_preset=&#8221;default&#8221; header_2_font=&#8221;Montserrat|900|||||||&#8221; header_2_text_align=&#8221;center&#8221; header_2_text_color=&#8221;#606060&#8243; header_2_font_size=&#8221;38px&#8221; header_3_font=&#8221;Montserrat|700|||||||&#8221; header_3_text_align=&#8221;center&#8221; header_3_text_color=&#8221;#f6921e&#8221; text_orientation=&#8221;center&#8221; custom_margin=&#8221;0px||1px||false|false&#8221; header_2_font_size_tablet=&#8221;&#8221; header_2_font_size_phone=&#8221;34px&#8221; header_2_font_size_last_edited=&#8221;on|phone&#8221; locked=&#8221;off&#8221;]<\/p>\n<h2>BENEFICIOS<\/h2>\n<p>[\/et_pb_text][et_pb_divider divider_weight=&#8221;5px&#8221; _builder_version=&#8221;4.9.10&#8243; _module_preset=&#8221;default&#8221; width=&#8221;20%&#8221; module_alignment=&#8221;center&#8221; locked=&#8221;off&#8221;][\/et_pb_divider][\/et_pb_column][\/et_pb_row][et_pb_row column_structure=&#8221;1_3,1_3,1_3&#8243; use_custom_gutter=&#8221;on&#8221; gutter_width=&#8221;2&#8243; _builder_version=&#8221;4.9.10&#8243; _module_preset=&#8221;default&#8221;][et_pb_column type=&#8221;1_3&#8243; _builder_version=&#8221;4.9.10&#8243; _module_preset=&#8221;default&#8221;][et_pb_blurb title=&#8221;Agilidad para el control&#8221; use_icon=&#8221;on&#8221; font_icon=&#8221;%%61%%&#8221; icon_placement=&#8221;left&#8221; use_icon_font_size=&#8221;on&#8221; icon_font_size=&#8221;32px&#8221; _builder_version=&#8221;4.9.10&#8243; header_font=&#8221;Montserrat|700||on|||||&#8221; header_font_size=&#8221;16px&#8221; header_line_height=&#8221;1.4em&#8221; body_font=&#8221;Lato||||||||&#8221; body_font_size=&#8221;15px&#8221; body_line_height=&#8221;1.3em&#8221; animation=&#8221;off&#8221; locked=&#8221;off&#8221;]An\u00e1lisis de desviaciones respecto a la planificaci\u00f3n presupuestaria, y soporte para posterior toma de decisiones correctas.[\/et_pb_blurb][\/et_pb_column][et_pb_column type=&#8221;1_3&#8243; _builder_version=&#8221;4.9.10&#8243; _module_preset=&#8221;default&#8221;][et_pb_blurb title=&#8221;Obtenci\u00f3n del forecast anual&#8221; use_icon=&#8221;on&#8221; font_icon=&#8221;%%61%%&#8221; icon_placement=&#8221;left&#8221; use_icon_font_size=&#8221;on&#8221; icon_font_size=&#8221;32px&#8221; _builder_version=&#8221;4.9.10&#8243; header_font=&#8221;Montserrat|700||on|||||&#8221; header_font_size=&#8221;16px&#8221; header_line_height=&#8221;1.4em&#8221; body_font=&#8221;Lato||||||||&#8221; body_font_size=&#8221;15px&#8221; body_line_height=&#8221;1.3em&#8221; animation=&#8221;off&#8221; locked=&#8221;off&#8221;]<\/p>\n<p>En funci\u00f3n de la evoluci\u00f3n del real del negocio y de las sucesivas actualizaciones-revisiones del presupuesto del per\u00edodo, lo que le permitir\u00e1 tener una previsi\u00f3n actualizada de c\u00f3mo acabar\u00e1 el ejercicio.<\/p>\n<p>[\/et_pb_blurb][\/et_pb_column][et_pb_column type=&#8221;1_3&#8243; _builder_version=&#8221;4.9.10&#8243; _module_preset=&#8221;default&#8221;][et_pb_blurb title=&#8221;DIRECCI\u00d3N POR OBJETIVOS&#8221; use_icon=&#8221;on&#8221; font_icon=&#8221;%%61%%&#8221; icon_placement=&#8221;left&#8221; use_icon_font_size=&#8221;on&#8221; icon_font_size=&#8221;32px&#8221; _builder_version=&#8221;4.9.10&#8243; header_font=&#8221;Montserrat|700|||||||&#8221; header_font_size=&#8221;16px&#8221; header_line_height=&#8221;1.4em&#8221; body_font=&#8221;Lato||||||||&#8221; body_font_size=&#8221;15px&#8221; body_line_height=&#8221;1.3em&#8221; animation=&#8221;off&#8221; locked=&#8221;off&#8221;]<\/p>\n<p>Es la herramienta imprescindible para el seguimiento de los objetivos asignados a cada responsable de \u00e1rea o l\u00ednea de negocio, producto, etc.<\/p>\n<p>[\/et_pb_blurb][\/et_pb_column][\/et_pb_row][\/et_pb_section][et_pb_section fb_built=&#8221;1&#8243; _builder_version=&#8221;4.9.10&#8243; _module_preset=&#8221;default&#8221; custom_margin=&#8221;||10%||false|false&#8221; custom_margin_tablet=&#8221;&#8221; custom_margin_phone=&#8221;||70%||false|false&#8221; custom_margin_last_edited=&#8221;on|phone&#8221; locked=&#8221;off&#8221;][et_pb_row column_structure=&#8221;1_2,1_2&#8243; _builder_version=&#8221;4.9.10&#8243; _module_preset=&#8221;default&#8221; background_color=&#8221;#f6921e&#8221; background_image=&#8221;https:\/\/disrupttglobal.com\/wp-content\/uploads\/2021\/07\/newsletter_disruptt-11.jpg&#8221; background_blend=&#8221;multiply&#8221; max_height=&#8221;380px&#8221;][et_pb_column type=&#8221;1_2&#8243; _builder_version=&#8221;4.9.10&#8243; _module_preset=&#8221;default&#8221;][et_pb_signup mailchimp_list=&#8221;undefined|&#8221; name_field=&#8221;on&#8221; title=&#8221;NEWSLETTER&#8221; description=&#8221;<\/p>\n<p>Suscribase a nuestras noticias y reciba consejos y actualizaciones que necesita para su empresa<\/p>\n<p>&#8221; _builder_version=&#8221;4.9.10&#8243; _module_preset=&#8221;default&#8221; form_field_background_color=&#8221;rgba(255,255,255,0.22)&#8221; form_field_text_color=&#8221;#ffffff&#8221; form_field_focus_background_color=&#8221;rgba(198,198,198,0.53)&#8221; form_field_focus_text_color=&#8221;#FFFFFF&#8221; form_field_custom_margin=&#8221;||-1px||false|false&#8221; header_font=&#8221;Montserrat|900|||||||&#8221; header_text_align=&#8221;center&#8221; header_font_size=&#8221;37px&#8221; body_text_align=&#8221;center&#8221; body_line_height=&#8221;1.3em&#8221; form_field_font=&#8221;Lato|700|||||||&#8221; form_field_line_height=&#8221;1.3em&#8221; background_enable_color=&#8221;off&#8221; custom_button=&#8221;on&#8221; button_text_size=&#8221;17px&#8221; button_text_color=&#8221;#606060&#8243; button_bg_color=&#8221;#FFFFFF&#8221; button_border_width=&#8221;0px&#8221; button_font=&#8221;Lato||||||||&#8221; custom_margin=&#8221;0px|||3%|false|false&#8221; custom_padding=&#8221;0px||||false|false&#8221; header_font_size_tablet=&#8221;&#8221; header_font_size_phone=&#8221;32px&#8221; header_font_size_last_edited=&#8221;on|phone&#8221; global_module=&#8221;4650&#8243;][\/et_pb_signup][\/et_pb_column][et_pb_column type=&#8221;1_2&#8243; _builder_version=&#8221;4.9.10&#8243; _module_preset=&#8221;default&#8221;][et_pb_image src=&#8221;https:\/\/disrupttglobal.com\/wp-content\/uploads\/2021\/07\/laptop_disruptt-12.png&#8221; title_text=&#8221;laptop_disruptt-12&#8243; _builder_version=&#8221;4.9.10&#8243; _module_preset=&#8221;default&#8221;][\/et_pb_image][\/et_pb_column][\/et_pb_row][\/et_pb_section]<\/p>\n","protected":false},"excerpt":{"rendered":"<p>CONTROL PRESUPUESTALControla, supervisa y proyecta tus presupuestos de la manera mas acertada.La soluci\u00f3n de control presupuestal proporciona un ambiente el control de los presupuestos de manera jerarquizada, que permite la supervisi\u00f3n a nivel ejecuci\u00f3n del presupuesto y el control de cualquier desviaci\u00f3n, con la posibilidad de realizar ajustes al presupuesto. Algunos de los principales objetivos [&hellip;]<\/p>\n","protected":false},"author":1,"featured_media":0,"parent":0,"menu_order":0,"comment_status":"closed","ping_status":"closed","template":"","meta":{"_et_pb_use_builder":"on","_et_pb_old_content":"","_et_gb_content_width":"","om_disable_all_campaigns":false,"_mi_skip_tracking":false,"_monsterinsights_sitenote_active":false,"_monsterinsights_sitenote_note":"","_monsterinsights_sitenote_category":0},"aioseo_notices":[],"_links":{"self":[{"href":"https:\/\/disrupttglobal.com\/index.php\/wp-json\/wp\/v2\/pages\/4062"}],"collection":[{"href":"https:\/\/disrupttglobal.com\/index.php\/wp-json\/wp\/v2\/pages"}],"about":[{"href":"https:\/\/disrupttglobal.com\/index.php\/wp-json\/wp\/v2\/types\/page"}],"author":[{"embeddable":true,"href":"https:\/\/disrupttglobal.com\/index.php\/wp-json\/wp\/v2\/users\/1"}],"replies":[{"embeddable":true,"href":"https:\/\/disrupttglobal.com\/index.php\/wp-json\/wp\/v2\/comments?post=4062"}],"version-history":[{"count":13,"href":"https:\/\/disrupttglobal.com\/index.php\/wp-json\/wp\/v2\/pages\/4062\/revisions"}],"predecessor-version":[{"id":4655,"href":"https:\/\/disrupttglobal.com\/index.php\/wp-json\/wp\/v2\/pages\/4062\/revisions\/4655"}],"wp:attachment":[{"href":"https:\/\/disrupttglobal.com\/index.php\/wp-json\/wp\/v2\/media?parent=4062"}],"curies":[{"name":"wp","href":"https:\/\/api.w.org\/{rel}","templated":true}]}}