{"id":3,"date":"2021-07-21T02:00:04","date_gmt":"2021-07-21T02:00:04","guid":{"rendered":"http:\/\/disrupttglobal.com\/?page_id=3"},"modified":"2021-08-23T21:20:40","modified_gmt":"2021-08-23T21:20:40","slug":"politica-privacidad","status":"publish","type":"page","link":"https:\/\/disrupttglobal.com\/index.php\/politica-privacidad\/","title":{"rendered":"Pol\u00edtica de privacidad"},"content":{"rendered":"<p>[et_pb_section fb_built=&#8221;1&#8243; _builder_version=&#8221;3.22&#8243;][et_pb_row _builder_version=&#8221;3.25&#8243; background_size=&#8221;initial&#8221; background_position=&#8221;top_left&#8221; background_repeat=&#8221;repeat&#8221;][et_pb_column type=&#8221;4_4&#8243; _builder_version=&#8221;3.25&#8243; custom_padding=&#8221;|||&#8221; custom_padding__hover=&#8221;|||&#8221;][et_pb_text _builder_version=&#8221;4.9.10&#8243; background_size=&#8221;initial&#8221; background_position=&#8221;top_left&#8221; background_repeat=&#8221;repeat&#8221;]<\/p>\n<p><!-- divi:heading --><\/p>\n<p><strong>Pol\u00edtica de Privacidad DisrupTT M\u00e9xico<\/strong><\/p>\n<p>DisrupTT Servicios Profesionales SAPI de CV (en adelante \u201cDISRUPTT) con domicilio ubicado en Av. Patria 2085 Piso 1, Colonia Puerta de Hierro, Zapopan, Jalisco, 45116, suscribe el presente aviso de privacidad en cumplimiento con la Ley Federal de Protecci\u00f3n de Datos Personales en Posesi\u00f3n de los Particulares (en lo sucesivo la \u201cLey\u201d).<\/p>\n<p>Los datos personales que Usted (en lo sucesivo \u201cel Titular\u201d) ha proporcionado directamente o a trav\u00e9s de medios electr\u00f3nicos a DISRUPTT, han sido recabados y ser\u00e1n tratados por DISRUPTT bajo los principios de licitud, consentimiento, informaci\u00f3n, calidad, finalidad, lealtad, proporcionalidad y responsabilidad, de conformidad con lo dispuesto por la Ley.<\/p>\n<p>Los datos personales proporcionados a DISRUPTT, se encontrar\u00e1n debidamente protegidos a trav\u00e9s de medidas de seguridad tecnol\u00f3gicas, f\u00edsicas y administrativas, previniendo el uso o divulgaci\u00f3n indebida de los mismos.<\/p>\n<p>La informaci\u00f3n personal del Titular ser\u00e1 utilizada para una de las siguientes finalidades: operativas, estad\u00edsticas, comerciales y de promoci\u00f3n, de contrataci\u00f3n de personal, de evaluaci\u00f3n y desarrollo de personal, de registro de clientes, deudores, proveedores y acreedores, as\u00ed como sus pagos, encuestas de servicio, o por disposici\u00f3n de alguna autoridad gubernamental. Para las finalidades antes mencionadas, requerimos obtener de forma enunciativa m\u00e1s no limitativa los siguientes datos personales y datos personales sensibles: Nombre completo, Domicilio completo, Direcci\u00f3n de lugar de trabajo, Tel\u00e9fono de casa, Otro Tel\u00e9fono de contacto, Tel\u00e9fono de oficina, Celular de trabajo, E-mail personal, E-mail de trabajo, Puesto actual, Fecha de nacimiento, Lugar de Nacimiento, Nacionalidad, G\u00e9nero, Estado civil, No. de Cartilla, No. de Credencial de Elector, Nivel de Escolaridad, Informaci\u00f3n del centro de estudios, Nombre completo y apellidos del padre, Nombre completo y apellidos de la madre, No. IMSS (11 d\u00edgitos), Clave de RFC con homoclave, Clave de CURP, Contacto de emergencia, Informaci\u00f3n de empleos anteriores, Sueldos de empleos anteriores, Referencias personales, N\u00famero de cuenta bancaria.<\/p>\n<p>Es importante informarle que, DISRUPTT deber\u00e1 recabar adicionalmente, en uno y otro caso, los datos necesarios para cumplir con las disposiciones legales aplicables en materia de prevenci\u00f3n y detecci\u00f3n de actos, omisiones u operaciones que pudieran favorecer, prestar ayuda, auxilio o cooperaci\u00f3n de cualquier especie para la comisi\u00f3n de los delitos previstos en los art\u00edculos 139 o 148 Bis del C\u00f3digo Penal Federal o que pudieran ubicarse en los supuestos del art\u00edculo 400 Bis del mismo ordenamiento legal, referidas al tr\u00e1fico y posesi\u00f3n de armas, terrorismo y financiamiento de actividades terroristas, y realizaci\u00f3n de actividades con recursos de procedencia il\u00edcita.<\/p>\n<p>DISRUPTT podr\u00e1 recabar datos personales sensibles en funci\u00f3n del tipo de relaci\u00f3n laborar o comercial con el Titular. Asimismo, informamos que los datos personales del Titular pueden ser transferidos y tratados dentro y fuera del pa\u00eds, por personas distintas a esta empresa. En ese sentido, la informaci\u00f3n del Titular puede ser compartida con terceros que act\u00faen en nombre de DISRUPTT o cualquiera de sus filiales nacionales o extranjeras, para procesarlos de acuerdo con el\/los objetivo(s) para los cuales fueron originariamente recopilados o procesarse para cualquier otro objetivo autorizado por la Ley, en el entendido de que estos terceros deber\u00e1n de obligarse con DISRUPTT para que dichos datos personales y datos personales sensibles sean utilizados solamente para el cumplimiento de los objetivos acordados as\u00ed como a no vender o revelar su informaci\u00f3n personal y\/o personal sensible a terceros, excepto en aquellos casos autorizados por la Ley, con previa autorizaci\u00f3n de DISRUPTT. Si el Titular no manifiesta su oposici\u00f3n, por medio de un correo electr\u00f3nico o comunicaci\u00f3n al domicilio abajo mencionados, para que sus datos personales sean transferidos, se entender\u00e1 que ha otorgado su consentimiento para ello.<\/p>\n<p>El Titular tiene derecho de acceder, rectificar y cancelar sus datos personales, as\u00ed como de oponerse al tratamiento de los mismos o revocar el consentimiento que para tal fin nos haya otorgado, a trav\u00e9s de los procedimientos que hemos implementado. Para ello, el Titular se puede poner en contacto con nosotros en el domicilio y\/o correo electr\u00f3nico que mencionamos a continuaci\u00f3n:<\/p>\n<p>Domicilio: Av. Patria 2085 Piso 1, Colonia Puerta de Hierro, Zapopan, Jalisco, 45116.<\/p>\n<p>Correo electr\u00f3nico: info@disrupttglobal.com<\/p>\n<p>DISRUPTT entender\u00e1 que el Titular, da su consentimiento t\u00e1citamente al tratamiento de sus datos personales, en caso de no manifestar su oposici\u00f3n al presente aviso de privacidad.\u00a0\u00a0\u00a0\u00a0<\/p>\n<p>El presente aviso de privacidad podr\u00e1 ser modificado o actualizado unilateralmente por DISRUPTT, inform\u00e1ndole al Titular de dichos cambios a trav\u00e9s de su p\u00e1gina web<\/p>\n<p>&nbsp;<\/p>\n<p>&nbsp;<\/p>\n<p><!-- \/divi:paragraph --><\/p>\n<p>[\/et_pb_text][\/et_pb_column][\/et_pb_row][et_pb_row _builder_version=&#8221;3.25&#8243; background_size=&#8221;initial&#8221; background_position=&#8221;top_left&#8221; background_repeat=&#8221;repeat&#8221;][et_pb_column type=&#8221;4_4&#8243; _builder_version=&#8221;3.25&#8243; custom_padding=&#8221;|||&#8221; custom_padding__hover=&#8221;|||&#8221;][et_pb_text _builder_version=&#8221;4.9.10&#8243; background_size=&#8221;initial&#8221; background_position=&#8221;top_left&#8221; background_repeat=&#8221;repeat&#8221; hover_enabled=&#8221;0&#8243; sticky_enabled=&#8221;0&#8243;]<\/p>\n<p><!-- divi:heading --><\/p>\n<p><strong>Pol\u00edtica de Privacidad Expertos en Transformaci\u00f3n Digital y\/o Disruptiva \u2013 Servicios Profesionales S.A.S. (ETD) Colombia, filial de DISRUPTT M\u00e9xico.<\/strong><\/p>\n<p>\u00a0Expertos en Transformaci\u00f3n Digital y\/o Disruptiva \u2013 Servicios Profesionales S.A.S. (en adelante \u201cETD\u201d), con NIT 901.407.256-5 y con domicilio ubicado en Calle 136 No 74 -11 en la ciudad de Bogot\u00e1 &#8211; Cundinamarca, suscribe el presente aviso de privacidad en cumplimiento con la ley 1581 de 2012 y el Decreto 1377 de 2013 con el cual se expidi\u00f3 el R\u00e9gimen General de Control de Datos Personales. Por medio de dicha regulaci\u00f3n se desarrolla el derecho constitucional que tienen las personas a conocer, actualizar y rectificar las informaciones que se hayan recogido sobre ellas en bases de datos o archivos, y los dem\u00e1s derechos, libertades y garant\u00edas constitucionales a que se refiere el art\u00edculo 15 de la Constituci\u00f3n Pol\u00edtica; as\u00ed como el derecho a la informaci\u00f3n consagrado en el art\u00edculo 20 de la misma.<\/p>\n<p>Los datos personales que Usted (en lo sucesivo \u201cel Titular\u201d) ha proporcionado directamente o a trav\u00e9s de medios electr\u00f3nicos a \u201cETD\u201d, han sido recabados y ser\u00e1n tratados por \u201cETD\u201d bajo los principios de licitud, consentimiento, informaci\u00f3n, calidad, finalidad, lealtad, proporcionalidad y responsabilidad, de conformidad con lo dispuesto por la Ley.<\/p>\n<p>Los datos personales proporcionados a \u201cETD\u201d, se encontrar\u00e1n debidamente protegidos a trav\u00e9s de medidas de seguridad tecnol\u00f3gicas, f\u00edsicas y administrativas, previniendo el uso o divulgaci\u00f3n indebida de los mismos.<\/p>\n<p>\u00a0ETD dar\u00e1 estricto cumplimiento a los principios rectores que se exponen en el Art\u00edculo 4 del T\u00edtulo II de la ley 1581 del 2012, establecidos para la protecci\u00f3n de datos personales, los que se aplicar\u00e1n de manera integral y que a continuaci\u00f3n se citan:<\/p>\n<p>\u00a0<strong>Principio de finalidad:<\/strong> El Tratamiento debe obedecer a una finalidad leg\u00edtima de acuerdo con la Constituci\u00f3n y la Ley, la cual debe ser informada al Titular.<\/p>\n<p><strong>Principio de libertad:<\/strong> El Tratamiento s\u00f3lo puede ejercerse con el consentimiento, previo, expreso e informado del Titular. Los datos personales no podr\u00e1n ser obtenidos o divulgados sin previa autorizaci\u00f3n, o en ausencia de mandato legal o judicial que releve el consentimiento.<\/p>\n<p><strong>Principio de veracidad o calidad:<\/strong> La informaci\u00f3n sujeta a Tratamiento debe ser veraz, completa, exacta, actualizada, comprobable y comprensible. Se proh\u00edbe el Tratamiento de datos parciales, incompletos, fraccionados o que induzcan a error.<\/p>\n<p><strong>Principio de transparencia:<\/strong> En el Tratamiento debe garantizarse el derecho del Titular a obtener del responsable del Tratamiento o del Encargado del Tratamiento, en cualquier momento y sin restricciones, informaci\u00f3n acerca de la existencia de datos que le correspondan.<\/p>\n<p><strong>Principio de acceso restringido<\/strong>: El Tratamiento se sujeta a los l\u00edmites que se derivan de la naturaleza de los datos personales, de las disposiciones de la ley y la Constituci\u00f3n. En este sentido, el Tratamiento s\u00f3lo podr\u00e1 hacerse por personas autorizadas por el Titular y\/o por las personas previstas en la ley.<\/p>\n<p><strong>Principio de circulaci\u00f3n restringida:<\/strong> Los datos personales, salvo la informaci\u00f3n p\u00fablica, no podr\u00e1n estar disponibles en Internet u otros medios de divulgaci\u00f3n o comunicaci\u00f3n masiva, salvo que el acceso sea t\u00e9cnicamente controlable para brindar un conocimiento restringido s\u00f3lo a los Titulares o terceros autorizados seg\u00fan las disposiciones de ley.<\/p>\n<p><strong>Principio de seguridad:<\/strong> La informaci\u00f3n sujeta a Tratamiento por el responsable del Tratamiento o Encargado del Tratamiento, se deber\u00e1 manejar con las medidas t\u00e9cnicas, humanas y administrativas que sean necesarias para otorgar seguridad a los registros evitando su adulteraci\u00f3n, p\u00e9rdida, consulta, uso o acceso no autorizado o fraudulento.<\/p>\n<p><strong>Principio de confidencialidad:<\/strong> Todas las personas que intervengan en el tratamiento de datos personales que no tengan la naturaleza de p\u00fablicos est\u00e1n obligadas a guardar reserva de la informaci\u00f3n, inclusive despu\u00e9s de finalizada su relaci\u00f3n con las labores que comprende el tratamiento, pudiendo s\u00f3lo realizar suministro o comunicaci\u00f3n de datos personales cuando ello corresponda al desarrollo de las actividades autorizadas por ley.<\/p>\n<p><strong>Principio de legalidad:<\/strong> El tratamiento a que se refiere la presente pol\u00edtica es una actividad reglada que debe sujetarse a lo establecido en las disposiciones contenidas en la ley que la desarrollen.<\/p>\n<p>ETD podr\u00e1 recabar datos personales sensibles en funci\u00f3n del tipo de relaci\u00f3n laborar o comercial con el Titular. Asimismo, informamos que los datos personales del Titular pueden ser transferidos y tratados dentro y fuera del pa\u00eds, por personas distintas a esta empresa. En ese sentido, la informaci\u00f3n del Titular puede ser compartida con terceros que act\u00faen en nombre de ETD o cualquiera de sus filiales nacionales o extranjeras, para procesarlos de acuerdo con el\/los objetivo(s) para los cuales fueron originariamente recopilados o procesarse para cualquier otro objetivo autorizado por la Ley, en el entendido de que estos terceros deber\u00e1n de obligarse con ETD para que dichos datos personales y datos personales sensibles sean utilizados solamente para el cumplimiento de los objetivos acordados as\u00ed como a no vender o revelar su informaci\u00f3n personal y\/o personal sensible a terceros, excepto en aquellos casos autorizados por la Ley, con previa autorizaci\u00f3n de ETD. Si el Titular no manifiesta su oposici\u00f3n, por medio de un correo electr\u00f3nico o comunicaci\u00f3n al domicilio abajo mencionados, para que sus datos personales sean transferidos, se entender\u00e1 que ha otorgado su consentimiento para ello.<\/p>\n<p>\u00a0El Titular tiene derecho de acceder, rectificar y cancelar sus datos personales, as\u00ed como de oponerse al tratamiento de estos o revocar el consentimiento que para tal fin nos haya otorgado, a trav\u00e9s de los procedimientos que hemos implementado. Para ello, el Titular se puede poner en contacto con nosotros en el domicilio y\/o correo electr\u00f3nico que mencionamos a continuaci\u00f3n:<\/p>\n<p>\u00a0Domicilio: Calle 136 No 74 -11 en la ciudad de Bogot\u00e1 &#8211; Cundinamarca<\/p>\n<p>Correo electr\u00f3nico: info@disrupttglobal.com<\/p>\n<p>ETD entender\u00e1 que el Titular, da su consentimiento t\u00e1citamente al tratamiento de sus datos personales, en caso de no manifestar su oposici\u00f3n al presente aviso de privacidad.\u00a0\u00a0\u00a0\u00a0<\/p>\n<p>\u00a0El presente aviso de privacidad podr\u00e1 ser modificado o actualizado unilateralmente por ETD, inform\u00e1ndole al Titular de dichos cambios a trav\u00e9s de su p\u00e1gina web.<\/p>\n<p>&nbsp;<\/p>\n<p>&nbsp;<\/p>\n<p><!-- \/divi:paragraph --><\/p>\n<p>[\/et_pb_text][\/et_pb_column][\/et_pb_row][\/et_pb_section]<\/p>\n","protected":false},"excerpt":{"rendered":"<p>Pol\u00edtica de Privacidad DisrupTT M\u00e9xico DisrupTT Servicios Profesionales SAPI de CV (en adelante \u201cDISRUPTT) con domicilio ubicado en Av. Patria 2085 Piso 1, Colonia Puerta de Hierro, Zapopan, Jalisco, 45116, suscribe el presente aviso de privacidad en cumplimiento con la Ley Federal de Protecci\u00f3n de Datos Personales en Posesi\u00f3n de los Particulares (en lo sucesivo [&hellip;]<\/p>\n","protected":false},"author":1,"featured_media":0,"parent":0,"menu_order":0,"comment_status":"closed","ping_status":"open","template":"","meta":{"_et_pb_use_builder":"on","_et_pb_old_content":"<!-- wp:heading -->\n<h2>Qui\u00e9nes somos<\/h2>\n<!-- \/wp:heading -->\n\n<!-- wp:paragraph -->\n<p><strong class=\"privacy-policy-tutorial\">Texto sugerido: <\/strong>La direcci\u00f3n de nuestra web es: http:\/\/disrupttglobal.com.<\/p>\n<!-- \/wp:paragraph -->\n\n<!-- wp:heading -->\n<h2>Comentarios<\/h2>\n<!-- \/wp:heading -->\n\n<!-- wp:paragraph -->\n<p><strong class=\"privacy-policy-tutorial\">Texto sugerido: <\/strong>Cuando los visitantes dejan comentarios en la web, recopilamos los datos que se muestran en el formulario de comentarios, as\u00ed como la direcci\u00f3n IP del visitante y la cadena de agentes de usuario del navegador para ayudar a la detecci\u00f3n de spam.<\/p>\n<!-- \/wp:paragraph -->\n\n<!-- wp:paragraph -->\n<p>Una cadena an\u00f3nima creada a partir de tu direcci\u00f3n de correo electr\u00f3nico (tambi\u00e9n llamada hash) puede ser proporcionada al servicio de Gravatar para ver si la est\u00e1s usando. La pol\u00edtica de privacidad del servicio Gravatar est\u00e1 disponible aqu\u00ed: https:\/\/automattic.com\/privacy\/. Despu\u00e9s de la aprobaci\u00f3n de tu comentario, la imagen de tu perfil es visible para el p\u00fablico en el contexto de tu comentario.<\/p>\n<!-- \/wp:paragraph -->\n\n<!-- wp:heading -->\n<h2>Medios<\/h2>\n<!-- \/wp:heading -->\n\n<!-- wp:paragraph -->\n<p><strong class=\"privacy-policy-tutorial\">Texto sugerido: <\/strong>Si subes im\u00e1genes a la web, deber\u00edas evitar subir im\u00e1genes con datos de ubicaci\u00f3n (GPS EXIF) incluidos. Los visitantes de la web pueden descargar y extraer cualquier dato de ubicaci\u00f3n de las im\u00e1genes de la web.<\/p>\n<!-- \/wp:paragraph -->\n\n<!-- wp:heading -->\n<h2>Cookies<\/h2>\n<!-- \/wp:heading -->\n\n<!-- wp:paragraph -->\n<p><strong class=\"privacy-policy-tutorial\">Texto sugerido: <\/strong>Si dejas un comentario en nuestro sitio puedes elegir guardar tu nombre, direcci\u00f3n de correo electr\u00f3nico y web en cookies. Esto es para tu comodidad, para que no tengas que volver a rellenar tus datos cuando dejes otro comentario. Estas cookies tendr\u00e1n una duraci\u00f3n de un a\u00f1o.<\/p>\n<!-- \/wp:paragraph -->\n\n<!-- wp:paragraph -->\n<p>Si tienes una cuenta y te conectas a este sitio, instalaremos una cookie temporal para determinar si tu navegador acepta cookies. Esta cookie no contiene datos personales y se elimina al cerrar el navegador.<\/p>\n<!-- \/wp:paragraph -->\n\n<!-- wp:paragraph -->\n<p>Cuando accedas, tambi\u00e9n instalaremos varias cookies para guardar tu informaci\u00f3n de acceso y tus opciones de visualizaci\u00f3n de pantalla. Las cookies de acceso duran dos d\u00edas, y las cookies de opciones de pantalla duran un a\u00f1o. Si seleccionas \u00abRecu\u00e9rdarme\u00bb, tu acceso perdurar\u00e1 durante dos semanas. Si sales de tu cuenta, las cookies de acceso se eliminar\u00e1n.<\/p>\n<!-- \/wp:paragraph -->\n\n<!-- wp:paragraph -->\n<p>Si editas o publicas un art\u00edculo se guardar\u00e1 una cookie adicional en tu navegador. Esta cookie no incluye datos personales y simplemente indica el ID del art\u00edculo que acabas de editar. Caduca despu\u00e9s de 1 d\u00eda.<\/p>\n<!-- \/wp:paragraph -->\n\n<!-- wp:heading -->\n<h2>Contenido incrustado de otros sitios web<\/h2>\n<!-- \/wp:heading -->\n\n<!-- wp:paragraph -->\n<p><strong class=\"privacy-policy-tutorial\">Texto sugerido: <\/strong>Los art\u00edculos de este sitio pueden incluir contenido incrustado (por ejemplo, v\u00eddeos, im\u00e1genes, art\u00edculos, etc.). El contenido incrustado de otras webs se comporta exactamente de la misma manera que si el visitante hubiera visitado la otra web.<\/p>\n<!-- \/wp:paragraph -->\n\n<!-- wp:paragraph -->\n<p>Estas web pueden recopilar datos sobre ti, utilizar cookies, incrustar un seguimiento adicional de terceros, y supervisar tu interacci\u00f3n con ese contenido incrustado, incluido el seguimiento de tu interacci\u00f3n con el contenido incrustado si tienes una cuenta y est\u00e1s conectado a esa web.<\/p>\n<!-- \/wp:paragraph -->\n\n<!-- wp:heading -->\n<h2>Con qui\u00e9n compartimos tus datos<\/h2>\n<!-- \/wp:heading -->\n\n<!-- wp:paragraph -->\n<p><strong class=\"privacy-policy-tutorial\">Texto sugerido: <\/strong>Si solicitas un restablecimiento de contrase\u00f1a, tu direcci\u00f3n IP ser\u00e1 incluida en el correo electr\u00f3nico de restablecimiento.<\/p>\n<!-- \/wp:paragraph -->\n\n<!-- wp:heading -->\n<h2>Cu\u00e1nto tiempo conservamos tus datos<\/h2>\n<!-- \/wp:heading -->\n\n<!-- wp:paragraph -->\n<p><strong class=\"privacy-policy-tutorial\">Texto sugerido: <\/strong>Si dejas un comentario, el comentario y sus metadatos se conservan indefinidamente. Esto es para que podamos reconocer y aprobar comentarios sucesivos autom\u00e1ticamente, en lugar de mantenerlos en una cola de moderaci\u00f3n.<\/p>\n<!-- \/wp:paragraph -->\n\n<!-- wp:paragraph -->\n<p>De los usuarios que se registran en nuestra web (si los hay), tambi\u00e9n almacenamos la informaci\u00f3n personal que proporcionan en su perfil de usuario. Todos los usuarios pueden ver, editar o eliminar su informaci\u00f3n personal en cualquier momento (excepto que no pueden cambiar su nombre de usuario). Los administradores de la web tambi\u00e9n pueden ver y editar esa informaci\u00f3n.<\/p>\n<!-- \/wp:paragraph -->\n\n<!-- wp:heading -->\n<h2>Qu\u00e9 derechos tienes sobre tus datos<\/h2>\n<!-- \/wp:heading -->\n\n<!-- wp:paragraph -->\n<p><strong class=\"privacy-policy-tutorial\">Texto sugerido: <\/strong>Si tienes una cuenta o has dejado comentarios en esta web, puedes solicitar recibir un archivo de exportaci\u00f3n de los datos personales que tenemos sobre ti, incluyendo cualquier dato que nos hayas proporcionado. Tambi\u00e9n puedes solicitar que eliminemos cualquier dato personal que tengamos sobre ti. Esto no incluye ning\u00fan dato que estemos obligados a conservar con fines administrativos, legales o de seguridad.<\/p>\n<!-- \/wp:paragraph -->\n\n<!-- wp:heading -->\n<h2>D\u00f3nde enviamos tus datos<\/h2>\n<!-- \/wp:heading -->\n\n<!-- wp:paragraph -->\n<p><strong class=\"privacy-policy-tutorial\">Texto sugerido: <\/strong>Los comentarios de los visitantes puede que los revise un servicio de detecci\u00f3n autom\u00e1tica de spam.<\/p>\n<!-- \/wp:paragraph -->","_et_gb_content_width":"","om_disable_all_campaigns":false,"_mi_skip_tracking":false,"_monsterinsights_sitenote_active":false,"_monsterinsights_sitenote_note":"","_monsterinsights_sitenote_category":0},"aioseo_notices":[],"_links":{"self":[{"href":"https:\/\/disrupttglobal.com\/index.php\/wp-json\/wp\/v2\/pages\/3"}],"collection":[{"href":"https:\/\/disrupttglobal.com\/index.php\/wp-json\/wp\/v2\/pages"}],"about":[{"href":"https:\/\/disrupttglobal.com\/index.php\/wp-json\/wp\/v2\/types\/page"}],"author":[{"embeddable":true,"href":"https:\/\/disrupttglobal.com\/index.php\/wp-json\/wp\/v2\/users\/1"}],"replies":[{"embeddable":true,"href":"https:\/\/disrupttglobal.com\/index.php\/wp-json\/wp\/v2\/comments?post=3"}],"version-history":[{"count":4,"href":"https:\/\/disrupttglobal.com\/index.php\/wp-json\/wp\/v2\/pages\/3\/revisions"}],"predecessor-version":[{"id":4800,"href":"https:\/\/disrupttglobal.com\/index.php\/wp-json\/wp\/v2\/pages\/3\/revisions\/4800"}],"wp:attachment":[{"href":"https:\/\/disrupttglobal.com\/index.php\/wp-json\/wp\/v2\/media?parent=3"}],"curies":[{"name":"wp","href":"https:\/\/api.w.org\/{rel}","templated":true}]}}